{"id":2208,"date":"2025-01-06T17:12:01","date_gmt":"2025-01-06T17:12:01","guid":{"rendered":"http:\/\/murielle-events.fr\/?page_id=2208"},"modified":"2025-02-01T13:52:32","modified_gmt":"2025-02-01T13:52:32","slug":"mentions-legales","status":"publish","type":"page","link":"https:\/\/murielle-events.fr\/en\/mentions-legales\/","title":{"rendered":"Legal information"},"content":{"rendered":"<div data-elementor-type=\"wp-page\" data-elementor-id=\"2208\" class=\"elementor elementor-2208\" data-elementor-post-type=\"page\">\n\t\t\t\t<div class=\"elementor-element elementor-element-c997e49 e-flex e-con-boxed wpr-particle-no wpr-jarallax-no wpr-parallax-no wpr-sticky-section-no wpr-equal-height-no e-con e-parent\" data-id=\"c997e49\" data-element_type=\"container\" data-e-type=\"container\">\n\t\t\t\t\t<div class=\"e-con-inner\">\n\t\t\t\t<div class=\"elementor-element elementor-element-b34e8db elementor-widget elementor-widget-heading\" data-id=\"b34e8db\" data-element_type=\"widget\" data-e-type=\"widget\" data-widget_type=\"heading.default\">\n\t\t\t\t<div class=\"elementor-widget-container\">\n\t\t\t\t\t<h2 class=\"elementor-heading-title elementor-size-default\">Legal information<\/h2>\t\t\t\t<\/div>\n\t\t\t\t<\/div>\n\t\t\t\t<div class=\"elementor-element elementor-element-c3a0359 elementor-widget elementor-widget-text-editor\" data-id=\"c3a0359\" data-element_type=\"widget\" data-e-type=\"widget\" data-widget_type=\"text-editor.default\">\n\t\t\t\t<div class=\"elementor-widget-container\">\n\t\t\t\t\t\t\t\t\t<p>murielle-events.fr is published by the individual company MURIELLE EVENTS.<\/p><p><strong>MURIELLE EVENTS<br \/><\/strong>44 BOULEVARD DE PORT-ROYAL, 75005 PARIS<br \/>Tel.: 06.60.62.16.00<br \/>E-mail: ms@murielle-events.fr<\/p><p>R.C.S. Paris 797 707 114<br \/>SIRET n\u00b0 79770711400022<\/p><p>Publication Director:<br \/>COHEN Murielle<\/p><p><strong>WEBMASTER<\/strong><\/p><p>This site is hosted by :<\/p><p><strong>OVH SAS <br \/><\/strong>2 rue Kellermann <br \/>59100 Roubaix - France<\/p><p><strong>CONFIDENTIALITY AND DATA PROTECTION<\/strong><\/p><p>In accordance with the French Data Protection Act of 06 January 1978, you may modify or delete your registration details at any time. As this information is confidential, MURIELLE EVENTS undertakes to protect it.<\/p><p>You have the right to access, modify, rectify and delete data concerning you (art. 34 of the French Data Protection Act). You can exercise this right directly on the sites concerned or by contacting us:<\/p><p><strong>MURIELLE EVENTS<br \/><\/strong>44 BOULEVARD DE PORT-ROYAL, 75005 PARIS<\/p><p>Tel.: 06.60.62.16.00<\/p><p>E-mail: ms@murielle-events.fr<\/p>\t\t\t\t\t\t\t\t<\/div>\n\t\t\t\t<\/div>\n\t\t\t\t\t<\/div>\n\t\t\t\t<\/div>\n\t\t\t\t<\/div>","protected":false},"excerpt":{"rendered":"<p>Legal information murielle-events.fr is published by the individual company MURIELLE EVENTS. MURIELLE EVENTS44 BOULEVARD DE PORT-ROYAL, 75005 PARIST\u00e9l. : 06.60.62.16.00E-mail : ms@murielle-events.fr R.C.S. Paris 797 707 114SIRET n\u00b0 79770711400022 Publication Director :COHEN Murielle HEBERGEUR This site is hosted by : OVH SAS 2 rue Kellermann 59100 Roubaix - France CONFIDENTIALITY AND DATA PROTECTION In accordance with the French Data Protection Act of 06 January 1978, you may modify or delete your registration details at any time. As this information is confidential, MURIELLE EVENTS undertakes to protect it. You have the right to access, modify, rectify and delete data concerning you (art. 34 of the French Data Protection Act). You can exercise this right directly on the sites concerned or by contacting us: MURIELLE EVENTS44 BOULEVARD DE PORT-ROYAL, 75005 PARIS Tel: 06.60.62.16.00 E-mail: ms@murielle-events.fr<\/p>","protected":false},"author":1,"featured_media":0,"parent":0,"menu_order":0,"comment_status":"closed","ping_status":"closed","template":"","meta":{"site-sidebar-layout":"no-sidebar","site-content-layout":"page-builder","ast-site-content-layout":"full-width-container","site-content-style":"default","site-sidebar-style":"default","ast-global-header-display":"","ast-banner-title-visibility":"","ast-main-header-display":"","ast-hfb-above-header-display":"","ast-hfb-below-header-display":"","ast-hfb-mobile-header-display":"","site-post-title":"disabled","ast-breadcrumbs-content":"","ast-featured-img":"disabled","footer-sml-layout":"","ast-disable-related-posts":"","theme-transparent-header-meta":"","adv-header-id-meta":"","stick-header-meta":"","header-above-stick-meta":"","header-main-stick-meta":"","header-below-stick-meta":"","astra-migrate-meta-layouts":"set","ast-page-background-enabled":"default","ast-page-background-meta":{"desktop":{"background-color":"","background-image":"","background-repeat":"repeat","background-position":"center center","background-size":"auto","background-attachment":"scroll","background-type":"","background-media":"","overlay-type":"","overlay-color":"","overlay-opacity":"","overlay-gradient":""},"tablet":{"background-color":"","background-image":"","background-repeat":"repeat","background-position":"center center","background-size":"auto","background-attachment":"scroll","background-type":"","background-media":"","overlay-type":"","overlay-color":"","overlay-opacity":"","overlay-gradient":""},"mobile":{"background-color":"","background-image":"","background-repeat":"repeat","background-position":"center center","background-size":"auto","background-attachment":"scroll","background-type":"","background-media":"","overlay-type":"","overlay-color":"","overlay-opacity":"","overlay-gradient":""}},"ast-content-background-meta":{"desktop":{"background-color":"var(--ast-global-color-5)","background-image":"","background-repeat":"repeat","background-position":"center center","background-size":"auto","background-attachment":"scroll","background-type":"","background-media":"","overlay-type":"","overlay-color":"","overlay-opacity":"","overlay-gradient":""},"tablet":{"background-color":"var(--ast-global-color-5)","background-image":"","background-repeat":"repeat","background-position":"center center","background-size":"auto","background-attachment":"scroll","background-type":"","background-media":"","overlay-type":"","overlay-color":"","overlay-opacity":"","overlay-gradient":""},"mobile":{"background-color":"var(--ast-global-color-5)","background-image":"","background-repeat":"repeat","background-position":"center center","background-size":"auto","background-attachment":"scroll","background-type":"","background-media":"","overlay-type":"","overlay-color":"","overlay-opacity":"","overlay-gradient":""}},"footnotes":""},"class_list":["post-2208","page","type-page","status-publish","hentry"],"yoast_head":"<!-- This site is optimized with the Yoast SEO plugin v27.5 - https:\/\/yoast.com\/product\/yoast-seo-wordpress\/ -->\n<title>Mentions l\u00e9gales - murielle-events.fr<\/title>\n<meta name=\"robots\" content=\"index, follow, max-snippet:-1, max-image-preview:large, max-video-preview:-1\" \/>\n<link rel=\"canonical\" href=\"https:\/\/murielle-events.fr\/en\/mentions-legales\/\" \/>\n<meta property=\"og:locale\" content=\"en_GB\" \/>\n<meta property=\"og:type\" content=\"article\" \/>\n<meta property=\"og:title\" content=\"Mentions l\u00e9gales - murielle-events.fr\" \/>\n<meta property=\"og:description\" content=\"Mentions l\u00e9gales murielle-events.fr est \u00e9dit\u00e9 par la soci\u00e9t\u00e9 individuelle MURIELLE EVENTS. MURIELLE EVENTS44 BOULEVARD DE PORT-ROYAL, 75005 PARIST\u00e9l. : 06.60.62.16.00E-mail : ms@murielle-events.fr R.C.S. Paris 797 707 114SIRET n\u00b0 79770711400022 Directeur de la Publication :COHEN Murielle HEBERGEUR Ce site est h\u00e9berg\u00e9 par : OVH SAS 2 rue Kellermann 59100 Roubaix &#8211; France CONFIDENTIALITE ET PROTECTION DES DONNEES Conform\u00e9ment \u00e0 la loi informatique et libert\u00e9s du 06 janvier 1978, vous pouvez \u00e0 tout moment modifier ou supprimer les renseignements li\u00e9s \u00e0 votre inscription. Ces informations vous concernant \u00e9tant confidentielles,\u00a0MURIELLE EVENTS s\u2019engage \u00e0 les prot\u00e9ger. Vous disposez d\u2019un droit d\u2019acc\u00e8s, de modification, de rectification et de suppression des donn\u00e9es qui vous concernent (art. 34 de la loi \u00ab\u00a0Informatique et Libert\u00e9s\u00a0\u00bb). Vous pouvez exercer ce droit directement sur les sites concern\u00e9s ou en nous contactant : MURIELLE EVENTS44 BOULEVARD DE PORT-ROYAL, 75005 PARIS T\u00e9l. : 06.60.62.16.00 E-mail : ms@murielle-events.fr\" \/>\n<meta property=\"og:url\" content=\"https:\/\/murielle-events.fr\/en\/mentions-legales\/\" \/>\n<meta property=\"og:site_name\" content=\"murielle-events.fr\" \/>\n<meta property=\"article:modified_time\" content=\"2025-02-01T13:52:32+00:00\" \/>\n<meta name=\"twitter:card\" content=\"summary_large_image\" \/>\n<meta name=\"twitter:label1\" content=\"Estimated reading time\" \/>\n\t<meta name=\"twitter:data1\" content=\"1 minute\" \/>\n<script type=\"application\/ld+json\" class=\"yoast-schema-graph\">{\"@context\":\"https:\\\/\\\/schema.org\",\"@graph\":[{\"@type\":\"WebPage\",\"@id\":\"https:\\\/\\\/murielle-events.fr\\\/mentions-legales\\\/\",\"url\":\"https:\\\/\\\/murielle-events.fr\\\/mentions-legales\\\/\",\"name\":\"Mentions l\u00e9gales - murielle-events.fr\",\"isPartOf\":{\"@id\":\"https:\\\/\\\/murielle-events.fr\\\/#website\"},\"datePublished\":\"2025-01-06T17:12:01+00:00\",\"dateModified\":\"2025-02-01T13:52:32+00:00\",\"breadcrumb\":{\"@id\":\"https:\\\/\\\/murielle-events.fr\\\/mentions-legales\\\/#breadcrumb\"},\"inLanguage\":\"en-GB\",\"potentialAction\":[{\"@type\":\"ReadAction\",\"target\":[\"https:\\\/\\\/murielle-events.fr\\\/mentions-legales\\\/\"]}]},{\"@type\":\"BreadcrumbList\",\"@id\":\"https:\\\/\\\/murielle-events.fr\\\/mentions-legales\\\/#breadcrumb\",\"itemListElement\":[{\"@type\":\"ListItem\",\"position\":1,\"name\":\"Accueil\",\"item\":\"https:\\\/\\\/murielle-events.fr\\\/\"},{\"@type\":\"ListItem\",\"position\":2,\"name\":\"Mentions l\u00e9gales\"}]},{\"@type\":\"WebSite\",\"@id\":\"https:\\\/\\\/murielle-events.fr\\\/#website\",\"url\":\"https:\\\/\\\/murielle-events.fr\\\/\",\"name\":\"murielle-events.fr\",\"description\":\"\",\"publisher\":{\"@id\":\"https:\\\/\\\/murielle-events.fr\\\/#organization\"},\"potentialAction\":[{\"@type\":\"SearchAction\",\"target\":{\"@type\":\"EntryPoint\",\"urlTemplate\":\"https:\\\/\\\/murielle-events.fr\\\/?s={search_term_string}\"},\"query-input\":{\"@type\":\"PropertyValueSpecification\",\"valueRequired\":true,\"valueName\":\"search_term_string\"}}],\"inLanguage\":\"en-GB\"},{\"@type\":\"Organization\",\"@id\":\"https:\\\/\\\/murielle-events.fr\\\/#organization\",\"name\":\"murielle-events.fr\",\"url\":\"https:\\\/\\\/murielle-events.fr\\\/\",\"logo\":{\"@type\":\"ImageObject\",\"inLanguage\":\"en-GB\",\"@id\":\"https:\\\/\\\/murielle-events.fr\\\/#\\\/schema\\\/logo\\\/image\\\/\",\"url\":\"https:\\\/\\\/murielle-events.fr\\\/wp-content\\\/uploads\\\/2025\\\/01\\\/cropped-cropped-cropped-logo-murielle-events.png\",\"contentUrl\":\"https:\\\/\\\/murielle-events.fr\\\/wp-content\\\/uploads\\\/2025\\\/01\\\/cropped-cropped-cropped-logo-murielle-events.png\",\"width\":999,\"height\":333,\"caption\":\"murielle-events.fr\"},\"image\":{\"@id\":\"https:\\\/\\\/murielle-events.fr\\\/#\\\/schema\\\/logo\\\/image\\\/\"}}]}<\/script>\n<!-- \/ Yoast SEO plugin. -->","yoast_head_json":{"title":"Mentions l\u00e9gales - murielle-events.fr","robots":{"index":"index","follow":"follow","max-snippet":"max-snippet:-1","max-image-preview":"max-image-preview:large","max-video-preview":"max-video-preview:-1"},"canonical":"https:\/\/murielle-events.fr\/en\/mentions-legales\/","og_locale":"en_GB","og_type":"article","og_title":"Mentions l\u00e9gales - murielle-events.fr","og_description":"Mentions l\u00e9gales murielle-events.fr est \u00e9dit\u00e9 par la soci\u00e9t\u00e9 individuelle MURIELLE EVENTS. MURIELLE EVENTS44 BOULEVARD DE PORT-ROYAL, 75005 PARIST\u00e9l. : 06.60.62.16.00E-mail : ms@murielle-events.fr R.C.S. Paris 797 707 114SIRET n\u00b0 79770711400022 Directeur de la Publication :COHEN Murielle HEBERGEUR Ce site est h\u00e9berg\u00e9 par : OVH SAS 2 rue Kellermann 59100 Roubaix &#8211; France CONFIDENTIALITE ET PROTECTION DES DONNEES Conform\u00e9ment \u00e0 la loi informatique et libert\u00e9s du 06 janvier 1978, vous pouvez \u00e0 tout moment modifier ou supprimer les renseignements li\u00e9s \u00e0 votre inscription. Ces informations vous concernant \u00e9tant confidentielles,\u00a0MURIELLE EVENTS s\u2019engage \u00e0 les prot\u00e9ger. Vous disposez d\u2019un droit d\u2019acc\u00e8s, de modification, de rectification et de suppression des donn\u00e9es qui vous concernent (art. 34 de la loi \u00ab\u00a0Informatique et Libert\u00e9s\u00a0\u00bb). Vous pouvez exercer ce droit directement sur les sites concern\u00e9s ou en nous contactant : MURIELLE EVENTS44 BOULEVARD DE PORT-ROYAL, 75005 PARIS T\u00e9l. : 06.60.62.16.00 E-mail : ms@murielle-events.fr","og_url":"https:\/\/murielle-events.fr\/en\/mentions-legales\/","og_site_name":"murielle-events.fr","article_modified_time":"2025-02-01T13:52:32+00:00","twitter_card":"summary_large_image","twitter_misc":{"Estimated reading time":"1 minute"},"schema":{"@context":"https:\/\/schema.org","@graph":[{"@type":"WebPage","@id":"https:\/\/murielle-events.fr\/mentions-legales\/","url":"https:\/\/murielle-events.fr\/mentions-legales\/","name":"Mentions l\u00e9gales - murielle-events.fr","isPartOf":{"@id":"https:\/\/murielle-events.fr\/#website"},"datePublished":"2025-01-06T17:12:01+00:00","dateModified":"2025-02-01T13:52:32+00:00","breadcrumb":{"@id":"https:\/\/murielle-events.fr\/mentions-legales\/#breadcrumb"},"inLanguage":"en-GB","potentialAction":[{"@type":"ReadAction","target":["https:\/\/murielle-events.fr\/mentions-legales\/"]}]},{"@type":"BreadcrumbList","@id":"https:\/\/murielle-events.fr\/mentions-legales\/#breadcrumb","itemListElement":[{"@type":"ListItem","position":1,"name":"Accueil","item":"https:\/\/murielle-events.fr\/"},{"@type":"ListItem","position":2,"name":"Mentions l\u00e9gales"}]},{"@type":"WebSite","@id":"https:\/\/murielle-events.fr\/#website","url":"https:\/\/murielle-events.fr\/","name":"murielle-events.fr","description":"","publisher":{"@id":"https:\/\/murielle-events.fr\/#organization"},"potentialAction":[{"@type":"SearchAction","target":{"@type":"EntryPoint","urlTemplate":"https:\/\/murielle-events.fr\/?s={search_term_string}"},"query-input":{"@type":"PropertyValueSpecification","valueRequired":true,"valueName":"search_term_string"}}],"inLanguage":"en-GB"},{"@type":"Organization","@id":"https:\/\/murielle-events.fr\/#organization","name":"murielle-events.fr","url":"https:\/\/murielle-events.fr\/","logo":{"@type":"ImageObject","inLanguage":"en-GB","@id":"https:\/\/murielle-events.fr\/#\/schema\/logo\/image\/","url":"https:\/\/murielle-events.fr\/wp-content\/uploads\/2025\/01\/cropped-cropped-cropped-logo-murielle-events.png","contentUrl":"https:\/\/murielle-events.fr\/wp-content\/uploads\/2025\/01\/cropped-cropped-cropped-logo-murielle-events.png","width":999,"height":333,"caption":"murielle-events.fr"},"image":{"@id":"https:\/\/murielle-events.fr\/#\/schema\/logo\/image\/"}}]}},"_links":{"self":[{"href":"https:\/\/murielle-events.fr\/en\/wp-json\/wp\/v2\/pages\/2208","targetHints":{"allow":["GET"]}}],"collection":[{"href":"https:\/\/murielle-events.fr\/en\/wp-json\/wp\/v2\/pages"}],"about":[{"href":"https:\/\/murielle-events.fr\/en\/wp-json\/wp\/v2\/types\/page"}],"author":[{"embeddable":true,"href":"https:\/\/murielle-events.fr\/en\/wp-json\/wp\/v2\/users\/1"}],"replies":[{"embeddable":true,"href":"https:\/\/murielle-events.fr\/en\/wp-json\/wp\/v2\/comments?post=2208"}],"version-history":[{"count":7,"href":"https:\/\/murielle-events.fr\/en\/wp-json\/wp\/v2\/pages\/2208\/revisions"}],"predecessor-version":[{"id":3320,"href":"https:\/\/murielle-events.fr\/en\/wp-json\/wp\/v2\/pages\/2208\/revisions\/3320"}],"wp:attachment":[{"href":"https:\/\/murielle-events.fr\/en\/wp-json\/wp\/v2\/media?parent=2208"}],"curies":[{"name":"wp","href":"https:\/\/api.w.org\/{rel}","templated":true}]}}